{"id":277,"date":"2025-05-21T14:28:42","date_gmt":"2025-05-21T20:28:42","guid":{"rendered":"https:\/\/abdieldeveloper.com\/?page_id=277"},"modified":"2025-05-21T14:43:18","modified_gmt":"2025-05-21T20:43:18","slug":"portafolio","status":"publish","type":"page","link":"https:\/\/abdieldeveloper.com\/index.php\/portafolio\/","title":{"rendered":"Portafolio"},"content":{"rendered":"<p>[et_pb_section fb_built=&#8221;1&#8243; _builder_version=&#8221;4.22.2&#8243; _module_preset=&#8221;default&#8221; global_colors_info=&#8221;{}&#8221;][et_pb_row _builder_version=&#8221;4.22.2&#8243; _module_preset=&#8221;default&#8221; global_colors_info=&#8221;{}&#8221;][et_pb_column type=&#8221;4_4&#8243; _builder_version=&#8221;4.22.2&#8243; _module_preset=&#8221;default&#8221; global_colors_info=&#8221;{}&#8221;][et_pb_heading title=&#8221;Portafolio&#8221; _builder_version=&#8221;4.22.2&#8243; _module_preset=&#8221;default&#8221; title_font=&#8221;|600|||||||&#8221; title_text_align=&#8221;center&#8221; title_font_size=&#8221;45px&#8221; title_text_shadow_style=&#8221;preset3&#8243; global_colors_info=&#8221;{}&#8221;][\/et_pb_heading][\/et_pb_column][\/et_pb_row][et_pb_row column_structure=&#8221;1_3,1_3,1_3&#8243; _builder_version=&#8221;4.22.2&#8243; _module_preset=&#8221;default&#8221; global_colors_info=&#8221;{}&#8221;][et_pb_column type=&#8221;1_3&#8243; _builder_version=&#8221;4.22.2&#8243; _module_preset=&#8221;default&#8221; link_option_url=&#8221;https:\/\/kinderphysics.com.mx\/&#8221; link_option_url_new_window=&#8221;on&#8221; global_colors_info=&#8221;{}&#8221;][et_pb_image src=&#8221;https:\/\/abdieldeveloper.com\/wp-content\/uploads\/2025\/05\/4-1.png&#8221; title_text=&#8221;4-1&#8243; _builder_version=&#8221;4.22.2&#8243; _module_preset=&#8221;default&#8221; custom_padding=&#8221;49px||49px||true|false&#8221; global_colors_info=&#8221;{}&#8221;][\/et_pb_image][et_pb_text _builder_version=&#8221;4.22.2&#8243; _module_preset=&#8221;default&#8221; text_orientation=&#8221;center&#8221; global_colors_info=&#8221;{}&#8221;]<\/p>\n<p>Sitio web educativo.<\/p>\n<p>[\/et_pb_text][\/et_pb_column][et_pb_column type=&#8221;1_3&#8243; _builder_version=&#8221;4.22.2&#8243; _module_preset=&#8221;default&#8221; link_option_url=&#8221;https:\/\/senderitoorganico.com\/&#8221; link_option_url_new_window=&#8221;on&#8221; global_colors_info=&#8221;{}&#8221;][et_pb_image src=&#8221;https:\/\/abdieldeveloper.com\/wp-content\/uploads\/2025\/05\/logo.png&#8221; title_text=&#8221;logo&#8221; _builder_version=&#8221;4.22.2&#8243; _module_preset=&#8221;default&#8221; global_colors_info=&#8221;{}&#8221;][\/et_pb_image][et_pb_text _builder_version=&#8221;4.22.2&#8243; _module_preset=&#8221;default&#8221; text_orientation=&#8221;center&#8221; global_colors_info=&#8221;{}&#8221;]<\/p>\n<p>Cat\u00e1logo de productos para el cuidado de plantas y jardin.<\/p>\n<p>[\/et_pb_text][\/et_pb_column][et_pb_column type=&#8221;1_3&#8243; _builder_version=&#8221;4.22.2&#8243; _module_preset=&#8221;default&#8221; link_option_url=&#8221;https:\/\/citykids.edu.mx\/wp\/&#8221; link_option_url_new_window=&#8221;on&#8221; global_colors_info=&#8221;{}&#8221;][et_pb_image src=&#8221;https:\/\/abdieldeveloper.com\/wp-content\/uploads\/2025\/05\/ck_Mesa-de-trabajo-1-e1723671532993-1-2.png&#8221; title_text=&#8221;ck_Mesa-de-trabajo-1-e1723671532993-1-2&#8243; _builder_version=&#8221;4.22.2&#8243; _module_preset=&#8221;default&#8221; background_color=&#8221;#126E82&#8243; custom_padding=&#8221;36px|5px|36px|5px|true|true&#8221; global_colors_info=&#8221;{}&#8221;][\/et_pb_image][et_pb_text _builder_version=&#8221;4.22.2&#8243; _module_preset=&#8221;default&#8221; text_orientation=&#8221;center&#8221; global_colors_info=&#8221;{}&#8221;]<\/p>\n<p>Sitio web para escuela.\u00a0<\/p>\n<p>[\/et_pb_text][\/et_pb_column][\/et_pb_row][et_pb_row column_structure=&#8221;1_3,1_3,1_3&#8243; _builder_version=&#8221;4.22.2&#8243; _module_preset=&#8221;default&#8221; hover_enabled=&#8221;0&#8243; locked=&#8221;off&#8221; global_colors_info=&#8221;{}&#8221; sticky_enabled=&#8221;0&#8243;][et_pb_column type=&#8221;1_3&#8243; admin_label=&#8221;Market&#8221; _builder_version=&#8221;4.22.2&#8243; _module_preset=&#8221;default&#8221; link_option_url=&#8221;https:\/\/marketeasyrealty.com\/&#8221; link_option_url_new_window=&#8221;on&#8221; global_colors_info=&#8221;{}&#8221;][et_pb_image src=&#8221;https:\/\/abdieldeveloper.com\/wp-content\/uploads\/2025\/05\/logo-pngblanco-e1747859312160.png&#8221; title_text=&#8221;logo-pngblanco&#8221; _builder_version=&#8221;4.22.2&#8243; _module_preset=&#8221;default&#8221; background_color=&#8221;#000000&#8243; custom_padding=&#8221;49px||49px||true|false&#8221; hover_enabled=&#8221;0&#8243; global_colors_info=&#8221;{}&#8221; sticky_enabled=&#8221;0&#8243;][\/et_pb_image][et_pb_text _builder_version=&#8221;4.22.2&#8243; _module_preset=&#8221;default&#8221; text_orientation=&#8221;center&#8221; link_option_url=&#8221;https:\/\/marketeasyrealty.com\/&#8221; link_option_url_new_window=&#8221;on&#8221; global_colors_info=&#8221;{}&#8221;]<\/p>\n<p>Aplicaci\u00f3n web para desarrolladores inmobiliarios y brokers.\u00a0<\/p>\n<p>[\/et_pb_text][\/et_pb_column][et_pb_column type=&#8221;1_3&#8243; _builder_version=&#8221;4.22.2&#8243; _module_preset=&#8221;default&#8221; hover_enabled=&#8221;0&#8243; global_colors_info=&#8221;{}&#8221; admin_label=&#8221;lumina&#8221; link_option_url_new_window=&#8221;on&#8221; link_option_url=&#8221;https:\/\/luminagym.com.mx\/home\/&#8221; sticky_enabled=&#8221;0&#8243;][et_pb_image src=&#8221;https:\/\/abdieldeveloper.com\/wp-content\/uploads\/2025\/05\/LUMINA_logo-1024&#215;374-1.png&#8221; title_text=&#8221;LUMINA_logo-1024&#215;374-1&#8243; _builder_version=&#8221;4.22.2&#8243; _module_preset=&#8221;default&#8221; background_color=&#8221;#000000&#8243; custom_padding=&#8221;45px||45px||true|false&#8221; hover_enabled=&#8221;0&#8243; global_colors_info=&#8221;{}&#8221; sticky_enabled=&#8221;0&#8243;][\/et_pb_image][et_pb_text _builder_version=&#8221;4.22.2&#8243; _module_preset=&#8221;default&#8221; text_orientation=&#8221;center&#8221; hover_enabled=&#8221;0&#8243; global_colors_info=&#8221;{}&#8221; sticky_enabled=&#8221;0&#8243;]<\/p>\n<p>Sitio web de gimnasio.\u00a0<\/p>\n<p>[\/et_pb_text][\/et_pb_column][et_pb_column type=&#8221;1_3&#8243; _builder_version=&#8221;4.22.2&#8243; _module_preset=&#8221;default&#8221; hover_enabled=&#8221;0&#8243; global_colors_info=&#8221;{}&#8221; admin_label=&#8221;valem&#8221; link_option_url_new_window=&#8221;on&#8221; link_option_url=&#8221;https:\/\/desarrolladoravalem.com\/&#8221; sticky_enabled=&#8221;0&#8243;][et_pb_image src=&#8221;https:\/\/abdieldeveloper.com\/wp-content\/uploads\/2025\/05\/Desarrolladora-Valem_logo-p.png&#8221; title_text=&#8221;Desarrolladora-Valem_logo-p&#8221; _builder_version=&#8221;4.22.2&#8243; _module_preset=&#8221;default&#8221; background_color=&#8221;#262626&#8243; custom_padding=&#8221;20px|0px|20px|0px|true|true&#8221; hover_enabled=&#8221;0&#8243; global_colors_info=&#8221;{}&#8221; align=&#8221;center&#8221; sticky_enabled=&#8221;0&#8243;][\/et_pb_image][et_pb_text _builder_version=&#8221;4.22.2&#8243; _module_preset=&#8221;default&#8221; text_orientation=&#8221;center&#8221; hover_enabled=&#8221;0&#8243; global_colors_info=&#8221;{}&#8221; sticky_enabled=&#8221;0&#8243;]<\/p>\n<p>Sitio web de andamios y equipo de construcci\u00f3n.<\/p>\n<p>[\/et_pb_text][\/et_pb_column][\/et_pb_row][et_pb_row column_structure=&#8221;1_3,1_3,1_3&#8243; _builder_version=&#8221;4.22.2&#8243; _module_preset=&#8221;default&#8221; hover_enabled=&#8221;0&#8243; locked=&#8221;off&#8221; global_colors_info=&#8221;{}&#8221; sticky_enabled=&#8221;0&#8243;][et_pb_column type=&#8221;1_3&#8243; _builder_version=&#8221;4.22.2&#8243; _module_preset=&#8221;default&#8221; link_option_url=&#8221;https:\/\/urologoluisvillalpando.com\/&#8221; hover_enabled=&#8221;0&#8243; global_colors_info=&#8221;{}&#8221; admin_label=&#8221;villalpando&#8221; link_option_url_new_window=&#8221;on&#8221; sticky_enabled=&#8221;0&#8243;][et_pb_image src=&#8221;https:\/\/abdieldeveloper.com\/wp-content\/uploads\/2025\/05\/Dr-Luis_Logo-n-1.webp&#8221; title_text=&#8221;Dr-Luis_Logo-n-1&#8243; _builder_version=&#8221;4.22.2&#8243; _module_preset=&#8221;default&#8221; custom_padding=&#8221;49px||49px||true|false&#8221; hover_enabled=&#8221;0&#8243; global_colors_info=&#8221;{}&#8221; sticky_enabled=&#8221;0&#8243;][\/et_pb_image][et_pb_text _builder_version=&#8221;4.22.2&#8243; _module_preset=&#8221;default&#8221; text_orientation=&#8221;center&#8221; hover_enabled=&#8221;0&#8243; global_colors_info=&#8221;{}&#8221; sticky_enabled=&#8221;0&#8243;]<\/p>\n<p>Sitio web de urolog\u00eda.<\/p>\n<p>[\/et_pb_text][\/et_pb_column][et_pb_column type=&#8221;1_3&#8243; _builder_version=&#8221;4.22.2&#8243; _module_preset=&#8221;default&#8221; hover_enabled=&#8221;0&#8243; global_colors_info=&#8221;{}&#8221; admin_label=&#8221;egsa MX&#8221; link_option_url=&#8221;https:\/\/egsagas.lpmarketinggroup.com.mx\/&#8221; link_option_url_new_window=&#8221;on&#8221; sticky_enabled=&#8221;0&#8243;][et_pb_image src=&#8221;https:\/\/abdieldeveloper.com\/wp-content\/uploads\/2025\/05\/logo-color.png&#8221; title_text=&#8221;logo-color&#8221; _builder_version=&#8221;4.22.2&#8243; _module_preset=&#8221;default&#8221; hover_enabled=&#8221;0&#8243; global_colors_info=&#8221;{}&#8221; max_height=&#8221;182px&#8221; align=&#8221;center&#8221; sticky_enabled=&#8221;0&#8243;][\/et_pb_image][et_pb_text _builder_version=&#8221;4.22.2&#8243; _module_preset=&#8221;default&#8221; text_orientation=&#8221;center&#8221; hover_enabled=&#8221;0&#8243; global_colors_info=&#8221;{}&#8221; sticky_enabled=&#8221;0&#8243;]<\/p>\n<p>Sitio web de empresa de gas LP en M\u00e9xico.<\/p>\n<p>[\/et_pb_text][\/et_pb_column][et_pb_column type=&#8221;1_3&#8243; _builder_version=&#8221;4.22.2&#8243; _module_preset=&#8221;default&#8221; hover_enabled=&#8221;0&#8243; global_colors_info=&#8221;{}&#8221; link_option_url_new_window=&#8221;on&#8221; link_option_url=&#8221;https:\/\/egsa.lpmarketinggroup.com.mx\/&#8221; sticky_enabled=&#8221;0&#8243;][et_pb_image src=&#8221;https:\/\/abdieldeveloper.com\/wp-content\/uploads\/2025\/05\/egsa-colombia.webp&#8221; title_text=&#8221;egsa-colombia&#8221; _builder_version=&#8221;4.22.2&#8243; _module_preset=&#8221;default&#8221; background_color=&#8221;#051480&#8243; custom_padding=&#8221;0px|5px|0px|5px|true|true&#8221; hover_enabled=&#8221;0&#8243; global_colors_info=&#8221;{}&#8221; align=&#8221;center&#8221; max_height=&#8221;189px&#8221; sticky_enabled=&#8221;0&#8243;][\/et_pb_image][et_pb_text _builder_version=&#8221;4.22.2&#8243; _module_preset=&#8221;default&#8221; text_orientation=&#8221;center&#8221; hover_enabled=&#8221;0&#8243; global_colors_info=&#8221;{}&#8221; sticky_enabled=&#8221;0&#8243;]<\/p>\n<p>Sitio web para empresa de gas LP en Colombia.<\/p>\n<p>[\/et_pb_text][\/et_pb_column][\/et_pb_row][et_pb_row column_structure=&#8221;1_3,1_3,1_3&#8243; _builder_version=&#8221;4.22.2&#8243; _module_preset=&#8221;default&#8221; hover_enabled=&#8221;0&#8243; locked=&#8221;off&#8221; global_colors_info=&#8221;{}&#8221; sticky_enabled=&#8221;0&#8243;][et_pb_column type=&#8221;1_3&#8243; _builder_version=&#8221;4.22.2&#8243; _module_preset=&#8221;default&#8221; link_option_url=&#8221;https:\/\/www.corruempaques.com\/Ce\/&#8221; hover_enabled=&#8221;0&#8243; global_colors_info=&#8221;{}&#8221; link_option_url_new_window=&#8221;on&#8221; sticky_enabled=&#8221;0&#8243;][et_pb_image src=&#8221;https:\/\/abdieldeveloper.com\/wp-content\/uploads\/2025\/05\/Logo-Corru-02-2048&#215;2048-1.png&#8221; title_text=&#8221;Logo-Corru-02-2048&#215;2048&#8243; _builder_version=&#8221;4.22.2&#8243; _module_preset=&#8221;default&#8221; custom_padding=&#8221;0px||0px||true|false&#8221; hover_enabled=&#8221;0&#8243; global_colors_info=&#8221;{}&#8221; sticky_enabled=&#8221;0&#8243; max_height=&#8221;160px&#8221; module_alignment=&#8221;center&#8221; align=&#8221;center&#8221;][\/et_pb_image][et_pb_text _builder_version=&#8221;4.22.2&#8243; _module_preset=&#8221;default&#8221; text_orientation=&#8221;center&#8221; hover_enabled=&#8221;0&#8243; global_colors_info=&#8221;{}&#8221; sticky_enabled=&#8221;0&#8243;]<\/p>\n<p>Sitio web para fabrica de cajas de cart\u00f3n.<\/p>\n<p>[\/et_pb_text][\/et_pb_column][et_pb_column type=&#8221;1_3&#8243; _builder_version=&#8221;4.22.2&#8243; _module_preset=&#8221;default&#8221; hover_enabled=&#8221;0&#8243; global_colors_info=&#8221;{}&#8221; link_option_url=&#8221;https:\/\/cirugiayendoscopiamexico.com.mx\/&#8221; link_option_url_new_window=&#8221;on&#8221; sticky_enabled=&#8221;0&#8243;][et_pb_image src=&#8221;https:\/\/abdieldeveloper.com\/wp-content\/uploads\/2025\/05\/ferpng2-e1720628782640.webp&#8221; title_text=&#8221;ferpng2-e1720628782640&#8243; _builder_version=&#8221;4.22.2&#8243; _module_preset=&#8221;default&#8221; hover_enabled=&#8221;0&#8243; global_colors_info=&#8221;{}&#8221; background_color=&#8221;#126E82&#8243; sticky_enabled=&#8221;0&#8243;][\/et_pb_image][et_pb_text _builder_version=&#8221;4.22.2&#8243; _module_preset=&#8221;default&#8221; text_orientation=&#8221;center&#8221; hover_enabled=&#8221;0&#8243; global_colors_info=&#8221;{}&#8221; sticky_enabled=&#8221;0&#8243;]<\/p>\n<p>P\u00e1gina web para m\u00e9dico bariatra.<\/p>\n<p>[\/et_pb_text][\/et_pb_column][et_pb_column type=&#8221;1_3&#8243; _builder_version=&#8221;4.22.2&#8243; _module_preset=&#8221;default&#8221; hover_enabled=&#8221;0&#8243; global_colors_info=&#8221;{}&#8221; link_option_url_new_window=&#8221;on&#8221; link_option_url=&#8221;https:\/\/cielomayaproperties.com\/&#8221; sticky_enabled=&#8221;0&#8243;][et_pb_image src=&#8221;https:\/\/abdieldeveloper.com\/wp-content\/uploads\/2025\/05\/cropped-LOGO-CIELO-MAYA-.png.webp&#8221; title_text=&#8221;cropped-LOGO-CIELO-MAYA-.png&#8221; _builder_version=&#8221;4.22.2&#8243; _module_preset=&#8221;default&#8221; background_color=&#8221;#FFFFFF&#8221; custom_padding=&#8221;0px|5px|0px|5px|true|true&#8221; hover_enabled=&#8221;0&#8243; global_colors_info=&#8221;{}&#8221; align=&#8221;center&#8221; max_height=&#8221;160px&#8221; sticky_enabled=&#8221;0&#8243; custom_margin=&#8221;||1px|||&#8221;][\/et_pb_image][et_pb_text _builder_version=&#8221;4.22.2&#8243; _module_preset=&#8221;default&#8221; text_orientation=&#8221;center&#8221; hover_enabled=&#8221;0&#8243; global_colors_info=&#8221;{}&#8221; sticky_enabled=&#8221;0&#8243;]<\/p>\n<p>Sitio web para inmobiliaria.\u00a0<\/p>\n<p>[\/et_pb_text][\/et_pb_column][\/et_pb_row][\/et_pb_section]<\/p>\n","protected":false},"excerpt":{"rendered":"<p>Sitio web educativo.Cat\u00e1logo de productos para el cuidado de plantas y jardin.Sitio web para escuela.\u00a0Aplicaci\u00f3n web para desarrolladores inmobiliarios y brokers.\u00a0Sitio web de gimnasio.\u00a0Sitio web de andamios y equipo de construcci\u00f3n.Sitio web de urolog\u00eda.Sitio web de empresa de gas LP en M\u00e9xico.Sitio web para empresa de gas LP en Colombia.Sitio web para fabrica de cajas [&hellip;]<\/p>\n","protected":false},"author":1,"featured_media":0,"parent":0,"menu_order":0,"comment_status":"closed","ping_status":"closed","template":"","meta":{"_et_pb_use_builder":"on","_et_pb_old_content":"","_et_gb_content_width":"","footnotes":""},"class_list":["post-277","page","type-page","status-publish","hentry"],"_links":{"self":[{"href":"https:\/\/abdieldeveloper.com\/index.php\/wp-json\/wp\/v2\/pages\/277","targetHints":{"allow":["GET"]}}],"collection":[{"href":"https:\/\/abdieldeveloper.com\/index.php\/wp-json\/wp\/v2\/pages"}],"about":[{"href":"https:\/\/abdieldeveloper.com\/index.php\/wp-json\/wp\/v2\/types\/page"}],"author":[{"embeddable":true,"href":"https:\/\/abdieldeveloper.com\/index.php\/wp-json\/wp\/v2\/users\/1"}],"replies":[{"embeddable":true,"href":"https:\/\/abdieldeveloper.com\/index.php\/wp-json\/wp\/v2\/comments?post=277"}],"version-history":[{"count":4,"href":"https:\/\/abdieldeveloper.com\/index.php\/wp-json\/wp\/v2\/pages\/277\/revisions"}],"predecessor-version":[{"id":296,"href":"https:\/\/abdieldeveloper.com\/index.php\/wp-json\/wp\/v2\/pages\/277\/revisions\/296"}],"wp:attachment":[{"href":"https:\/\/abdieldeveloper.com\/index.php\/wp-json\/wp\/v2\/media?parent=277"}],"curies":[{"name":"wp","href":"https:\/\/api.w.org\/{rel}","templated":true}]}}