{"id":28,"date":"2023-10-19T18:33:03","date_gmt":"2023-10-19T18:33:03","guid":{"rendered":"https:\/\/abdieldeveloper.com\/?page_id=28"},"modified":"2023-11-09T20:30:07","modified_gmt":"2023-11-10T02:30:07","slug":"contacto","status":"publish","type":"page","link":"https:\/\/abdieldeveloper.com\/index.php\/contacto\/","title":{"rendered":"Contacto"},"content":{"rendered":"<p>[et_pb_section fb_built=&#8221;1&#8243; admin_label=&#8221;Header&#8221; _builder_version=&#8221;4.16&#8243; _module_preset=&#8221;default&#8221; background_color=&#8221;#f6f2ea&#8221; custom_padding=&#8221;5vw||||false|false&#8221; global_colors_info=&#8221;{}&#8221;][et_pb_row _builder_version=&#8221;4.16&#8243; _module_preset=&#8221;default&#8221; global_colors_info=&#8221;{}&#8221;][et_pb_column type=&#8221;4_4&#8243; _builder_version=&#8221;4.16&#8243; _module_preset=&#8221;default&#8221; global_colors_info=&#8221;{}&#8221;][et_pb_text _builder_version=&#8221;4.22.2&#8243; _module_preset=&#8221;e864d11f-3dab-4fa3-ac06-4f0e1a260807&#8243; header_font=&#8221;Archivo|600|||||||&#8221; header_text_color=&#8221;#010101&#8243; header_font_size=&#8221;80px&#8221; header_line_height=&#8221;1.2em&#8221; text_orientation=&#8221;center&#8221; header_font_size_tablet=&#8221;40px&#8221; header_font_size_phone=&#8221;24px&#8221; header_font_size_last_edited=&#8221;on|desktop&#8221; global_colors_info=&#8221;{}&#8221;]<\/p>\n<h1>\u00a1Con\u00e9ctate con Abdiel Developer para Potenciar tu Proyecto Digital!<\/h1>\n<p>[\/et_pb_text][\/et_pb_column][\/et_pb_row][et_pb_row column_structure=&#8221;3_5,2_5&#8243; make_equal=&#8221;on&#8221; _builder_version=&#8221;4.16&#8243; _module_preset=&#8221;default&#8221; max_width=&#8221;900px&#8221; global_colors_info=&#8221;{}&#8221;][et_pb_column type=&#8221;3_5&#8243; _builder_version=&#8221;4.16&#8243; _module_preset=&#8221;default&#8221; custom_padding=&#8221;30px|30px|30px|30px|true|true&#8221; custom_padding_tablet=&#8221;||45px||false|true&#8221; custom_padding_phone=&#8221;|20px|45px|20px|false|true&#8221; custom_padding_last_edited=&#8221;off|desktop&#8221; border_width_all=&#8221;2px&#8221; border_color_all=&#8221;#000000&#8243; global_colors_info=&#8221;{}&#8221;][et_pb_image src=&#8221;https:\/\/abdieldeveloper.com\/wp-content\/uploads\/2023\/10\/software-img-52.png&#8221; title_text=&#8221;software-img-52&#8243; _builder_version=&#8221;4.22.2&#8243; _module_preset=&#8221;default&#8221; use_background_color_gradient=&#8221;on&#8221; background_color_gradient_stops=&#8221;#51c4d3 0%|#126e82 100%&#8221; background_color_gradient_start=&#8221;#f6671f&#8221; background_color_gradient_end=&#8221;#544fff&#8221; custom_margin=&#8221;-30px|-30px||-30px|false|true&#8221; hover_enabled=&#8221;0&#8243; global_colors_info=&#8221;{}&#8221; alt=&#8221;Desarrollo programacion dise\u00f1o web queretaro  Carlos Abdiel Resendiz Vargas&#8221; sticky_enabled=&#8221;0&#8243;][\/et_pb_image][et_pb_text _builder_version=&#8221;4.16&#8243; _module_preset=&#8221;03ed4834-a81a-41ec-bfd6-98a6a9949751&#8243; text_font=&#8221;Archivo|700|||||||&#8221; text_text_color=&#8221;#FFFFFF&#8221; text_font_size=&#8221;52px&#8221; text_line_height=&#8221;1.3em&#8221; header_font=&#8221;||||||||&#8221; header_3_font=&#8221;Archivo|700|||||||&#8221; header_3_font_size=&#8221;30px&#8221; header_3_line_height=&#8221;1.4em&#8221; custom_margin=&#8221;||8px||false|false&#8221; text_font_size_tablet=&#8221;30px&#8221; text_font_size_phone=&#8221;22px&#8221; text_font_size_last_edited=&#8221;on|desktop&#8221; header_3_font_size_tablet=&#8221;20px&#8221; header_3_font_size_phone=&#8221;16px&#8221; header_3_font_size_last_edited=&#8221;on|phone&#8221; global_colors_info=&#8221;{}&#8221;]<\/p>\n<h3><strong>Agenda una Reuni\u00f3n o Entrevista<\/strong><\/h3>\n<p>[\/et_pb_text][et_pb_text _builder_version=&#8221;4.16&#8243; _module_preset=&#8221;41d5859c-fbaa-458a-88e4-5d886857f235&#8243; text_font=&#8221;Archivo|500|||||||&#8221; text_text_color=&#8221;#000000&#8243; text_font_size=&#8221;18px&#8221; text_line_height=&#8221;1.6em&#8221; text_font_size_tablet=&#8221;16px&#8221; text_font_size_phone=&#8221;14px&#8221; text_font_size_last_edited=&#8221;on|phone&#8221; locked=&#8221;off&#8221; global_colors_info=&#8221;{}&#8221;]<\/p>\n<p><span>Si est\u00e1s buscando fortalecer tu equipo o explorar oportunidades laborales en el mundo del desarrollo web, \u00a1est\u00e1s en el lugar indicado! Estoy disponible para agendar reuniones, videollamadas o entrevistas de trabajo para discutir c\u00f3mo mi experiencia y habilidades pueden encajar en tus proyectos o necesidades laborales.<\/span><\/p>\n<p>[\/et_pb_text][et_pb_button button_url=&#8221;mailto:cabdielr94@gmail.com&#8221; button_text=&#8221;Enviar correo&#8221; button_alignment=&#8221;left&#8221; button_text_last_edited=&#8221;off|desktop&#8221; _builder_version=&#8221;4.22.2&#8243; _module_preset=&#8221;0ea6d785-731a-418c-8b52-255a270a78bd&#8221; custom_button=&#8221;on&#8221; button_text_size=&#8221;14px&#8221; button_text_color=&#8221;#FFFFFF&#8221; button_bg_color=&#8221;#000000&#8243; button_border_width=&#8221;0px&#8221; button_border_radius=&#8221;15px&#8221; button_letter_spacing=&#8221;1px&#8221; button_font=&#8221;Archivo|700||on|||||&#8221; button_use_icon=&#8221;off&#8221; custom_margin=&#8221;24px||||false|false&#8221; custom_padding=&#8221;12px|28px|12px|28px|true|true&#8221; global_colors_info=&#8221;{}&#8221;][\/et_pb_button][\/et_pb_column][et_pb_column type=&#8221;2_5&#8243; _builder_version=&#8221;4.16&#8243; _module_preset=&#8221;default&#8221; custom_padding=&#8221;30px|30px|30px|30px|true|true&#8221; border_width_all=&#8221;2px&#8221; border_color_all=&#8221;#000000&#8243; global_colors_info=&#8221;{}&#8221;][et_pb_image src=&#8221;https:\/\/abdieldeveloper.com\/wp-content\/uploads\/2023\/10\/software-img-53.png&#8221; title_text=&#8221;software-img-53&#8243; _builder_version=&#8221;4.22.2&#8243; _module_preset=&#8221;default&#8221; use_background_color_gradient=&#8221;on&#8221; background_color_gradient_stops=&#8221;#d8e3e7 1%|#51c4d3 100%&#8221; background_color_gradient_start=&#8221;#544fff&#8221; background_color_gradient_end=&#8221;#8300e9&#8243; custom_margin=&#8221;-30px|-30px||-30px|false|true&#8221; hover_enabled=&#8221;0&#8243; locked=&#8221;off&#8221; global_colors_info=&#8221;{}&#8221; alt=&#8221;Desarrollo programacion dise\u00f1o web queretaro  Carlos Abdiel Resendiz Vargas&#8221; sticky_enabled=&#8221;0&#8243;][\/et_pb_image][et_pb_text _builder_version=&#8221;4.16&#8243; _module_preset=&#8221;544ab126-07da-449d-8ac0-96c6bfea5327&#8243; text_font=&#8221;Archivo|700|||||||&#8221; text_text_color=&#8221;#FFFFFF&#8221; text_font_size=&#8221;52px&#8221; text_line_height=&#8221;1.3em&#8221; header_font=&#8221;||||||||&#8221; header_4_font=&#8221;Archivo|600|||||||&#8221; header_4_font_size=&#8221;23px&#8221; header_4_line_height=&#8221;1.5em&#8221; custom_margin=&#8221;||8px||false|false&#8221; text_font_size_tablet=&#8221;30px&#8221; text_font_size_phone=&#8221;22px&#8221; text_font_size_last_edited=&#8221;on|desktop&#8221; header_4_font_size_tablet=&#8221;19px&#8221; header_4_font_size_phone=&#8221;15px&#8221; header_4_font_size_last_edited=&#8221;on|phone&#8221; locked=&#8221;off&#8221; global_colors_info=&#8221;{}&#8221;]<\/p>\n<h4><strong>Conversa por WhatsApp<\/strong><\/h4>\n<p>[\/et_pb_text][et_pb_text _builder_version=&#8221;4.16&#8243; _module_preset=&#8221;41d5859c-fbaa-458a-88e4-5d886857f235&#8243; text_font=&#8221;Archivo|500|||||||&#8221; text_text_color=&#8221;#000000&#8243; text_font_size=&#8221;18px&#8221; text_line_height=&#8221;1.6em&#8221; text_font_size_tablet=&#8221;16px&#8221; text_font_size_phone=&#8221;14px&#8221; text_font_size_last_edited=&#8221;on|phone&#8221; locked=&#8221;off&#8221; global_colors_info=&#8221;{}&#8221;]<\/p>\n<p><span>Si buscas una comunicaci\u00f3n m\u00e1s directa y r\u00e1pida, cont\u00e1ctame por WhatsApp al (+52)<strong> 442 546 6824<\/strong>. Ya sea para discutir proyectos, oportunidades laborales o cualquier consulta, \u00a1estar\u00e9 encantado de hablar contigo!<\/span><\/p>\n<p>[\/et_pb_text][et_pb_button button_url=&#8221;https:\/\/api.whatsapp.com\/send?phone=524425466824&#8243; button_text=&#8221;Abrir Whatsapp&#8221; button_alignment=&#8221;left&#8221; button_text_last_edited=&#8221;off|desktop&#8221; _builder_version=&#8221;4.22.2&#8243; _module_preset=&#8221;0ea6d785-731a-418c-8b52-255a270a78bd&#8221; custom_button=&#8221;on&#8221; button_text_size=&#8221;14px&#8221; button_text_color=&#8221;#FFFFFF&#8221; button_bg_color=&#8221;#000000&#8243; button_border_width=&#8221;0px&#8221; button_border_radius=&#8221;15px&#8221; button_letter_spacing=&#8221;1px&#8221; button_font=&#8221;Archivo|700||on|||||&#8221; button_use_icon=&#8221;off&#8221; custom_margin=&#8221;24px||||false|false&#8221; custom_padding=&#8221;12px|28px|12px|28px|true|true&#8221; locked=&#8221;off&#8221; global_colors_info=&#8221;{}&#8221;][\/et_pb_button][\/et_pb_column][\/et_pb_row][\/et_pb_section][et_pb_section fb_built=&#8221;1&#8243; admin_label=&#8221;Contact&#8221; _builder_version=&#8221;4.16&#8243; _module_preset=&#8221;default&#8221; background_color=&#8221;#f6f2ea&#8221; custom_padding=&#8221;||103px|||&#8221; global_colors_info=&#8221;{}&#8221;][et_pb_row _builder_version=&#8221;4.16&#8243; _module_preset=&#8221;default&#8221; max_width=&#8221;800px&#8221; global_colors_info=&#8221;{}&#8221;][et_pb_column type=&#8221;4_4&#8243; _builder_version=&#8221;4.16&#8243; _module_preset=&#8221;default&#8221; global_colors_info=&#8221;{}&#8221;][et_pb_text _builder_version=&#8221;4.16&#8243; _module_preset=&#8221;df96b77a-cd4f-44a8-a771-2d6347592b53&#8243; header_2_font=&#8221;Archivo|600|||||||&#8221; header_2_text_color=&#8221;#010101&#8243; header_2_font_size=&#8221;50px&#8221; header_2_line_height=&#8221;1.35em&#8221; text_orientation=&#8221;center&#8221; custom_margin=&#8221;||8px||false|false&#8221; header_2_font_size_tablet=&#8221;32px&#8221; header_2_font_size_phone=&#8221;20px&#8221; header_2_font_size_last_edited=&#8221;on|desktop&#8221; global_colors_info=&#8221;{}&#8221;]<\/p>\n<h2><strong>Cont\u00e1ctame por Correo Electr\u00f3nico<\/strong><\/h2>\n<p>[\/et_pb_text][et_pb_text _builder_version=&#8221;4.22.2&#8243; _module_preset=&#8221;41d5859c-fbaa-458a-88e4-5d886857f235&#8243; text_font=&#8221;Archivo|500|||||||&#8221; text_text_color=&#8221;#000000&#8243; text_font_size=&#8221;18px&#8221; text_line_height=&#8221;1.6em&#8221; link_text_color=&#8221;#544FFF&#8221; text_orientation=&#8221;center&#8221; text_font_size_tablet=&#8221;16px&#8221; text_font_size_phone=&#8221;14px&#8221; text_font_size_last_edited=&#8221;on|phone&#8221; global_colors_info=&#8221;{}&#8221;]<\/p>\n<p><span>Env\u00eda un correo a <strong>cabdielr94@gmail.com<\/strong> para agendar una reuni\u00f3n, discutir oportunidades laborales o colaborativas, o para conocer m\u00e1s sobre mi experiencia y c\u00f3mo puedo contribuir a tus proyectos.<\/span><\/p>\n<p>[\/et_pb_text][\/et_pb_column][\/et_pb_row][\/et_pb_section]<\/p>\n","protected":false},"excerpt":{"rendered":"<p>\u00a1Con\u00e9ctate con Abdiel Developer para Potenciar tu Proyecto Digital!Agenda una Reuni\u00f3n o EntrevistaSi est\u00e1s buscando fortalecer tu equipo o explorar oportunidades laborales en el mundo del desarrollo web, \u00a1est\u00e1s en el lugar indicado! Estoy disponible para agendar reuniones, videollamadas o entrevistas de trabajo para discutir c\u00f3mo mi experiencia y habilidades pueden encajar en tus proyectos [&hellip;]<\/p>\n","protected":false},"author":1,"featured_media":0,"parent":0,"menu_order":0,"comment_status":"closed","ping_status":"closed","template":"","meta":{"_et_pb_use_builder":"on","_et_pb_old_content":"","_et_gb_content_width":"","footnotes":""},"class_list":["post-28","page","type-page","status-publish","hentry"],"_links":{"self":[{"href":"https:\/\/abdieldeveloper.com\/index.php\/wp-json\/wp\/v2\/pages\/28","targetHints":{"allow":["GET"]}}],"collection":[{"href":"https:\/\/abdieldeveloper.com\/index.php\/wp-json\/wp\/v2\/pages"}],"about":[{"href":"https:\/\/abdieldeveloper.com\/index.php\/wp-json\/wp\/v2\/types\/page"}],"author":[{"embeddable":true,"href":"https:\/\/abdieldeveloper.com\/index.php\/wp-json\/wp\/v2\/users\/1"}],"replies":[{"embeddable":true,"href":"https:\/\/abdieldeveloper.com\/index.php\/wp-json\/wp\/v2\/comments?post=28"}],"version-history":[{"count":8,"href":"https:\/\/abdieldeveloper.com\/index.php\/wp-json\/wp\/v2\/pages\/28\/revisions"}],"predecessor-version":[{"id":186,"href":"https:\/\/abdieldeveloper.com\/index.php\/wp-json\/wp\/v2\/pages\/28\/revisions\/186"}],"wp:attachment":[{"href":"https:\/\/abdieldeveloper.com\/index.php\/wp-json\/wp\/v2\/media?parent=28"}],"curies":[{"name":"wp","href":"https:\/\/api.w.org\/{rel}","templated":true}]}}