{"id":8,"date":"2023-10-19T18:00:54","date_gmt":"2023-10-19T18:00:54","guid":{"rendered":"https:\/\/abdieldeveloper.com\/?page_id=8"},"modified":"2023-11-09T21:17:05","modified_gmt":"2023-11-10T03:17:05","slug":"home","status":"publish","type":"page","link":"https:\/\/abdieldeveloper.com\/","title":{"rendered":"Home"},"content":{"rendered":"<p>[et_pb_section fb_built=&#8221;1&#8243; admin_label=&#8221;Header&#8221; _builder_version=&#8221;4.22.2&#8243; _module_preset=&#8221;default&#8221; background_color=&#8221;#D8E3E7&#8243; min_height=&#8221;1197px&#8221; custom_padding=&#8221;5vw||115px||false|false&#8221; global_colors_info=&#8221;{}&#8221;][et_pb_row column_structure=&#8221;1_2,1_2&#8243; _builder_version=&#8221;4.22.2&#8243; _module_preset=&#8221;default&#8221; global_colors_info=&#8221;{}&#8221;][et_pb_column type=&#8221;1_2&#8243; _builder_version=&#8221;4.22.2&#8243; _module_preset=&#8221;default&#8221; background_color=&#8221;#D8E3E7&#8243; global_colors_info=&#8221;{}&#8221;][et_pb_text _builder_version=&#8221;4.22.2&#8243; _module_preset=&#8221;e864d11f-3dab-4fa3-ac06-4f0e1a260807&#8243; header_font=&#8221;Archivo|600|||||||&#8221; header_text_color=&#8221;#010101&#8243; header_font_size=&#8221;80px&#8221; header_line_height=&#8221;1.2em&#8221; header_font_size_tablet=&#8221;40px&#8221; header_font_size_phone=&#8221;24px&#8221; header_font_size_last_edited=&#8221;on|desktop&#8221; locked=&#8221;off&#8221; global_colors_info=&#8221;{}&#8221;]<\/p>\n<h1>Desarrollo Web para Negocios<\/h1>\n<p>[\/et_pb_text][et_pb_image src=&#8221;https:\/\/abdieldeveloper.com\/wp-content\/uploads\/2023\/11\/software-img-24.png&#8221; alt=&#8221;Desarrollo programacion dise\u00f1o web queretaro  Carlos Abdiel Resendiz Vargas&#8221; title_text=&#8221;software-img-24&#8243; align=&#8221;center&#8221; _builder_version=&#8221;4.22.2&#8243; _module_preset=&#8221;default&#8221; background_image=&#8221;https:\/\/abdieldeveloper.com\/wp-content\/uploads\/2023\/10\/software-img-23.png&#8221; background_size=&#8221;contain&#8221; background_position=&#8221;bottom_center&#8221; width_tablet=&#8221;45%&#8221; width_phone=&#8221;70%&#8221; width_last_edited=&#8221;off|tablet&#8221; background_last_edited=&#8221;off|tablet&#8221; background_size_tablet=&#8221;cover&#8221; background_position_tablet=&#8221;center&#8221; global_colors_info=&#8221;{}&#8221;][\/et_pb_image][\/et_pb_column][et_pb_column type=&#8221;1_2&#8243; _builder_version=&#8221;4.16&#8243; _module_preset=&#8221;default&#8221; custom_padding=&#8221;20%||||false|false&#8221; custom_padding_tablet=&#8221;0%||||false|false&#8221; custom_padding_phone=&#8221;&#8221; custom_padding_last_edited=&#8221;on|tablet&#8221; global_colors_info=&#8221;{}&#8221;][et_pb_text _builder_version=&#8221;4.22.2&#8243; _module_preset=&#8221;41d5859c-fbaa-458a-88e4-5d886857f235&#8243; text_font=&#8221;Archivo|500|||||||&#8221; text_text_color=&#8221;#000000&#8243; text_font_size=&#8221;18px&#8221; text_line_height=&#8221;1.6em&#8221; header_text_align=&#8221;justify&#8221; width=&#8221;100%&#8221; width_tablet=&#8221;100%&#8221; width_phone=&#8221;100%&#8221; width_last_edited=&#8221;on|desktop&#8221; max_width=&#8221;100%&#8221; custom_padding=&#8221;|0px||||&#8221; text_font_size_tablet=&#8221;16px&#8221; text_font_size_phone=&#8221;14px&#8221; text_font_size_last_edited=&#8221;on|phone&#8221; global_colors_info=&#8221;{}&#8221;]<\/p>\n<p style=\"text-align: justify;\"><span>\u00a1Bienvenido al mundo digital! En la era actual, el crecimiento de un negocio va de la mano con su presencia en l\u00ednea. En un mercado competitivo y en constante evoluci\u00f3n, contar con una s\u00f3lida presencia web es fundamental para alcanzar el \u00e9xito.<br \/><\/span><\/p>\n<p style=\"text-align: justify;\"><span>Como Abdiel Developer, entiendo la importancia de transformar la identidad y las operaciones de un negocio a trav\u00e9s de una presencia en la web. Mi enfoque se basa en la creaci\u00f3n de sitios web a medida, dise\u00f1ados estrat\u00e9gicamente para ayudar a las empresas a expandir su alcance, mejorar su visibilidad y conectar con su audiencia de manera efectiva.<\/span><\/p>\n<p>&nbsp;<\/p>\n<p><span>\u00a0<\/span><\/p>\n<p>[\/et_pb_text][et_pb_button button_url=&#8221;https:\/\/abdieldeveloper.com\/index.php\/contacto\/&#8221; button_text=&#8221; Quiero mi p\u00e1gina web &#8221; _builder_version=&#8221;4.22.2&#8243; _module_preset=&#8221;94ef7aca-dcd9-4f9d-93b2-efa3466cebc7&#8243; custom_button=&#8221;on&#8221; button_text_size=&#8221;16px&#8221; button_text_color=&#8221;#000000&#8243; button_bg_color=&#8221;RGBA(255,255,255,0)&#8221; button_border_width=&#8221;4px&#8221; button_border_color=&#8221;#000000&#8243; button_border_radius=&#8221;10px&#8221; button_font=&#8221;Archivo|800||on|||||&#8221; custom_padding=&#8221;15px|35px|15px|35px|true|true&#8221; box_shadow_style=&#8221;preset4&#8243; box_shadow_horizontal=&#8221;6px&#8221; box_shadow_vertical=&#8221;6px&#8221; box_shadow_color=&#8221;#000000&#8243; global_colors_info=&#8221;{}&#8221;][\/et_pb_button][\/et_pb_column][\/et_pb_row][\/et_pb_section][et_pb_section fb_built=&#8221;1&#8243; admin_label=&#8221;Features&#8221; _builder_version=&#8221;4.22.2&#8243; _module_preset=&#8221;default&#8221; background_color=&#8221;#51C4D3&#8243; background_image=&#8221;https:\/\/abdieldeveloper.com\/wp-content\/uploads\/2023\/10\/line-pattern-light-transparent.png&#8221; background_size=&#8221;initial&#8221; background_repeat=&#8221;repeat&#8221; min_height=&#8221;1151.1px&#8221; custom_margin=&#8221;||||false|false&#8221; custom_padding=&#8221;0vw||0vw||true|false&#8221; locked=&#8221;off&#8221; global_colors_info=&#8221;{}&#8221;][et_pb_row column_structure=&#8221;1_2,1_2&#8243; _builder_version=&#8221;4.22.2&#8243; _module_preset=&#8221;default&#8221; global_colors_info=&#8221;{}&#8221;][et_pb_column type=&#8221;1_2&#8243; _builder_version=&#8221;4.16&#8243; _module_preset=&#8221;default&#8221; global_colors_info=&#8221;{}&#8221;][et_pb_text _builder_version=&#8221;4.16&#8243; _module_preset=&#8221;df96b77a-cd4f-44a8-a771-2d6347592b53&#8243; header_font_size=&#8221;100px&#8221; header_2_font=&#8221;Archivo|600|||||||&#8221; header_2_text_color=&#8221;#010101&#8243; header_2_font_size=&#8221;60px&#8221; header_2_line_height=&#8221;1.35em&#8221; custom_margin=&#8221;||8px||false|false&#8221; header_2_font_size_tablet=&#8221;32px&#8221; header_2_font_size_phone=&#8221;20px&#8221; header_2_font_size_last_edited=&#8221;on|desktop&#8221; global_colors_info=&#8221;{}&#8221;]<\/p>\n<h2><strong>Desarrollo de Aplicaciones: Tu Pasaporte al Futuro Digital<\/strong><\/h2>\n<p>[\/et_pb_text][et_pb_button button_text=&#8221;\u00a1Comienza a construir tu aplicaci\u00f3n perfecta hoy mismo&#8221; button_alignment=&#8221;left&#8221; button_text_last_edited=&#8221;off|desktop&#8221; _builder_version=&#8221;4.22.2&#8243; _module_preset=&#8221;94ef7aca-dcd9-4f9d-93b2-efa3466cebc7&#8243; custom_button=&#8221;on&#8221; button_text_size=&#8221;16px&#8221; button_text_color=&#8221;#000000&#8243; button_bg_color=&#8221;RGBA(255,255,255,0)&#8221; button_border_width=&#8221;4px&#8221; button_border_color=&#8221;#000000&#8243; button_border_radius=&#8221;15px&#8221; button_letter_spacing=&#8221;1px&#8221; button_font=&#8221;Archivo|700||on|||||&#8221; button_use_icon=&#8221;off&#8221; custom_margin=&#8221;24px||||false|false&#8221; custom_padding=&#8221;15px|35px|15px|35px|true|true&#8221; box_shadow_style=&#8221;preset4&#8243; box_shadow_horizontal=&#8221;6px&#8221; box_shadow_vertical=&#8221;6px&#8221; box_shadow_color=&#8221;#000000&#8243; locked=&#8221;off&#8221; global_colors_info=&#8221;{}&#8221;][\/et_pb_button][et_pb_accordion open_toggle_text_color=&#8221;#000000&#8243; closed_toggle_background_color=&#8221;#132C33&#8243; toggle_icon=&#8221;&#x22;||divi||400&#8243; icon_color=&#8221;#FFFFFF&#8221; use_icon_font_size=&#8221;on&#8221; icon_font_size=&#8221;32px&#8221; _builder_version=&#8221;4.22.2&#8243; _module_preset=&#8221;default&#8221; toggle_text_color=&#8221;#FFFFFF&#8221; toggle_font=&#8221;Archivo|600|||||||&#8221; toggle_font_size=&#8221;18px&#8221; body_font=&#8221;Archivo||||||||&#8221; body_text_color=&#8221;#000000&#8243; border_width_all=&#8221;2px&#8221; border_color_all=&#8221;#000000&#8243; locked=&#8221;off&#8221; global_colors_info=&#8221;{}&#8221;][et_pb_accordion_item title=&#8221;Desarrollo de Aplicaciones Web y M\u00f3viles: Tu Pasaporte al Futuro Digital&#8221; open=&#8221;on&#8221; _builder_version=&#8221;4.22.2&#8243; _module_preset=&#8221;default&#8221; global_colors_info=&#8221;{}&#8221;]<\/p>\n<p><span>En un mundo cada vez m\u00e1s conectado, una presencia m\u00f3vil es esencial para cualquier empresa. Como Abdiel Developer, me especializo en el desarrollo de aplicaciones web y m\u00f3viles a medida.<\/span><\/p>\n<p>[\/et_pb_accordion_item][et_pb_accordion_item title=&#8221;\u00bfPor qu\u00e9 una aplicaci\u00f3n es vital para tu proyecto?&#8221; _builder_version=&#8221;4.22.2&#8243; _module_preset=&#8221;default&#8221; global_colors_info=&#8221;{}&#8221; open=&#8221;off&#8221;]<\/p>\n<p><span>Las aplicaciones son fundamentales para llegar a tus clientes en cualquier momento y lugar. Ofrecen una experiencia personalizada, mejoran la interacci\u00f3n con tu marca y facilitan el acceso a tus servicios o productos.<\/span><\/p>\n<p>[\/et_pb_accordion_item][et_pb_accordion_item title=&#8221;Tu Socio en la Transformaci\u00f3n Digital&#8221; _builder_version=&#8221;4.22.2&#8243; _module_preset=&#8221;default&#8221; global_colors_info=&#8221;{}&#8221; open=&#8221;off&#8221;]<\/p>\n<p><span>Perm\u00edteme ser tu aliado en el viaje hacia la excelencia digital. Desde la conceptualizaci\u00f3n hasta la implementaci\u00f3n, estoy aqu\u00ed para convertir tus ideas en una aplicaci\u00f3n brillante y funcional.<\/span><\/p>\n<p>[\/et_pb_accordion_item][\/et_pb_accordion][\/et_pb_column][et_pb_column type=&#8221;1_2&#8243; _builder_version=&#8221;4.16&#8243; _module_preset=&#8221;default&#8221; global_colors_info=&#8221;{}&#8221;][et_pb_image src=&#8221;https:\/\/abdieldeveloper.com\/wp-content\/uploads\/2023\/11\/software-img-25.png&#8221; alt=&#8221;Desarrollo programacion dise\u00f1o web queretaro  Carlos Abdiel Resendiz Vargas&#8221; title_text=&#8221;software-img-25&#8243; _builder_version=&#8221;4.22.2&#8243; _module_preset=&#8221;default&#8221; custom_margin=&#8221;-14vw|-10vw|||false|false&#8221; custom_margin_tablet=&#8221;0vw|0vw|||false|false&#8221; custom_margin_phone=&#8221;&#8221; custom_margin_last_edited=&#8221;on|desktop&#8221; global_colors_info=&#8221;{}&#8221;][\/et_pb_image][\/et_pb_column][\/et_pb_row][\/et_pb_section][et_pb_section fb_built=&#8221;1&#8243; admin_label=&#8221;Features&#8221; _builder_version=&#8221;4.22.2&#8243; _module_preset=&#8221;default&#8221; background_color=&#8221;#D8E3E7&#8243; min_height=&#8221;845px&#8221; custom_margin=&#8221;-17px||-253px|||&#8221; custom_padding=&#8221;||0px|||&#8221; locked=&#8221;off&#8221; global_colors_info=&#8221;{}&#8221;][et_pb_row _builder_version=&#8221;4.16&#8243; _module_preset=&#8221;default&#8221; max_width=&#8221;800px&#8221; global_colors_info=&#8221;{}&#8221;][et_pb_column type=&#8221;4_4&#8243; _builder_version=&#8221;4.16&#8243; _module_preset=&#8221;default&#8221; global_colors_info=&#8221;{}&#8221;][et_pb_text _builder_version=&#8221;4.22.2&#8243; _module_preset=&#8221;df96b77a-cd4f-44a8-a771-2d6347592b53&#8243; header_2_font=&#8221;Archivo|600|||||||&#8221; header_2_text_color=&#8221;#010101&#8243; header_2_font_size=&#8221;50px&#8221; header_2_line_height=&#8221;1.35em&#8221; text_orientation=&#8221;center&#8221; module_alignment=&#8221;center&#8221; custom_margin=&#8221;||8px||false|false&#8221; header_2_font_size_tablet=&#8221;32px&#8221; header_2_font_size_phone=&#8221;20px&#8221; header_2_font_size_last_edited=&#8221;on|desktop&#8221; global_colors_info=&#8221;{}&#8221;]<\/p>\n<h2>Mis servicios<\/h2>\n<p>[\/et_pb_text][\/et_pb_column][\/et_pb_row][et_pb_row column_structure=&#8221;1_3,1_3,1_3&#8243; make_equal=&#8221;on&#8221; _builder_version=&#8221;4.22.2&#8243; _module_preset=&#8221;default&#8221; global_colors_info=&#8221;{}&#8221;][et_pb_column type=&#8221;1_3&#8243; _builder_version=&#8221;4.22.2&#8243; _module_preset=&#8221;default&#8221; background_color=&#8221;#D8E3E7&#8243; custom_padding=&#8221;20px|20px|20px|20px|true|true&#8221; border_width_all=&#8221;2px&#8221; border_color_all=&#8221;#000000&#8243; box_shadow_style=&#8221;preset3&#8243; box_shadow_vertical=&#8221;0px&#8221; box_shadow_blur=&#8221;0px&#8221; box_shadow_spread=&#8221;0px&#8221; box_shadow_color=&#8221;RGBA(255,255,255,0)&#8221; global_colors_info=&#8221;{}&#8221; box_shadow_vertical__hover_enabled=&#8221;on|desktop&#8221; box_shadow_blur__hover_enabled=&#8221;on|desktop&#8221; box_shadow_spread__hover_enabled=&#8221;on|desktop&#8221; box_shadow_color__hover_enabled=&#8221;on|desktop&#8221; box_shadow_vertical__hover=&#8221;40px&#8221; box_shadow_color__hover=&#8221;rgba(96,91,255,0.42)&#8221; box_shadow_blur__hover=&#8221;60px&#8221; box_shadow_spread__hover=&#8221;-20px&#8221; border_width_all__hover_enabled=&#8221;on|desktop&#8221; border_width_all__hover=&#8221;0px&#8221;][et_pb_image src=&#8221;https:\/\/abdieldeveloper.com\/wp-content\/uploads\/2023\/11\/saas-icon_13.png&#8221; alt=&#8221;Desarrollo programacion dise\u00f1o web queretaro  Carlos Abdiel Resendiz Vargas&#8221; title_text=&#8221;saas-icon_13&#8243; _builder_version=&#8221;4.22.2&#8243; _module_preset=&#8221;default&#8221; global_colors_info=&#8221;{}&#8221;][\/et_pb_image][et_pb_text _builder_version=&#8221;4.22.2&#8243; _module_preset=&#8221;03ed4834-a81a-41ec-bfd6-98a6a9949751&#8243; header_font=&#8221;||||||||&#8221; header_3_font=&#8221;Archivo|700|||||||&#8221; header_3_font_size=&#8221;30px&#8221; header_3_line_height=&#8221;1.4em&#8221; custom_margin=&#8221;||8px||false|false&#8221; header_3_font_size_tablet=&#8221;20px&#8221; header_3_font_size_phone=&#8221;16px&#8221; header_3_font_size_last_edited=&#8221;on|phone&#8221; global_colors_info=&#8221;{}&#8221;]<\/p>\n<h3><span style=\"color: #000000;\"><strong>Desarrollo a medida<\/strong><\/span><\/h3>\n<p>[\/et_pb_text][et_pb_text _builder_version=&#8221;4.22.2&#8243; _module_preset=&#8221;0bd9fec6-ac32-486c-934f-18d282fbdfb4&#8243; text_font=&#8221;Archivo||||||||&#8221; text_text_color=&#8221;#000000&#8243; text_font_size=&#8221;15px&#8221; text_line_height=&#8221;1.5em&#8221; header_font_size_tablet=&#8221;55px&#8221; header_font_size_last_edited=&#8221;off|desktop&#8221; global_colors_info=&#8221;{}&#8221;]<\/p>\n<p style=\"text-align: justify;\"><span>Como experto en desarrollo de aplicaciones, me especializo en crear soluciones a medida que se ajustan a las necesidades espec\u00edficas de tu proyecto. Entiendo que cada idea es \u00fanica, por lo que me sumerjo en comprender a fondo tus objetivos y requisitos. A partir de ah\u00ed, dise\u00f1o y desarrollo una aplicaci\u00f3n totalmente adaptada a tus necesidades, brind\u00e1ndote una soluci\u00f3n personalizada y efectiva que destaque entre la multitud.<\/span><\/p>\n<p>[\/et_pb_text][\/et_pb_column][et_pb_column type=&#8221;1_3&#8243; _builder_version=&#8221;4.22.2&#8243; _module_preset=&#8221;default&#8221; background_color=&#8221;#126E82&#8243; custom_padding=&#8221;20px|20px|20px|20px|true|true&#8221; border_width_all=&#8221;2px&#8221; border_color_all=&#8221;#000000&#8243; box_shadow_style=&#8221;preset3&#8243; box_shadow_vertical=&#8221;0px&#8221; box_shadow_blur=&#8221;0px&#8221; box_shadow_spread=&#8221;0px&#8221; box_shadow_color=&#8221;RGBA(255,255,255,0)&#8221; global_colors_info=&#8221;{}&#8221; border_width_all__hover=&#8221;0px&#8221; border_width_all__hover_enabled=&#8221;on|desktop&#8221; background_color__hover=&#8221;#544fff&#8221; background__hover_enabled=&#8221;off|desktop&#8221; box_shadow_vertical__hover=&#8221;40px&#8221; box_shadow_vertical__hover_enabled=&#8221;on|desktop&#8221; box_shadow_blur__hover=&#8221;60px&#8221; box_shadow_blur__hover_enabled=&#8221;on|desktop&#8221; box_shadow_spread__hover=&#8221;-20px&#8221; box_shadow_spread__hover_enabled=&#8221;on|desktop&#8221; box_shadow_color__hover=&#8221;rgba(96,91,255,0.42)&#8221; box_shadow_color__hover_enabled=&#8221;on|desktop&#8221; background_enable_color__hover=&#8221;on&#8221;][et_pb_image src=&#8221;https:\/\/abdieldeveloper.com\/wp-content\/uploads\/2023\/11\/saas-icon_15.png&#8221; alt=&#8221;Desarrollo programacion dise\u00f1o web queretaro  Carlos Abdiel Resendiz Vargas&#8221; title_text=&#8221;saas-icon_15&#8243; _builder_version=&#8221;4.22.2&#8243; _module_preset=&#8221;default&#8221; global_colors_info=&#8221;{}&#8221;][\/et_pb_image][et_pb_text _builder_version=&#8221;4.22.2&#8243; _module_preset=&#8221;03ed4834-a81a-41ec-bfd6-98a6a9949751&#8243; header_font=&#8221;||||||||&#8221; header_3_font=&#8221;Archivo|700|||||||&#8221; header_3_text_color=&#8221;#FFFFFF&#8221; header_3_font_size=&#8221;30px&#8221; header_3_line_height=&#8221;1.4em&#8221; custom_margin=&#8221;||8px||false|false&#8221; header_3_font_size_tablet=&#8221;20px&#8221; header_3_font_size_phone=&#8221;16px&#8221; header_3_font_size_last_edited=&#8221;on|phone&#8221; global_colors_info=&#8221;{}&#8221;]<\/p>\n<h3><strong>Compatibilidad multiplataforma<\/strong><\/h3>\n<p>[\/et_pb_text][et_pb_text _builder_version=&#8221;4.22.2&#8243; _module_preset=&#8221;0bd9fec6-ac32-486c-934f-18d282fbdfb4&#8243; text_font=&#8221;Archivo||||||||&#8221; text_text_color=&#8221;#FFFFFF&#8221; text_font_size=&#8221;15px&#8221; text_line_height=&#8221;1.5em&#8221; header_font_size_tablet=&#8221;55px&#8221; header_font_size_last_edited=&#8221;off|desktop&#8221; global_colors_info=&#8221;{}&#8221; text_text_color__hover_enabled=&#8221;off|desktop&#8221; text_text_color__hover=&#8221;#FFFFFF&#8221;]<\/p>\n<p style=\"text-align: justify;\"><span>En un mundo donde la diversidad de dispositivos es una realidad, desarrollo aplicaciones que funcionan sin problemas en diferentes plataformas. Ya sea en dispositivos m\u00f3viles o navegadores web, la aplicaci\u00f3n que desarrollo se adapta a las distintas pantallas y sistemas operativos, garantizando una experiencia coherente y \u00f3ptima para todos los usuarios, independientemente del dispositivo que utilicen.<\/span><\/p>\n<p>[\/et_pb_text][\/et_pb_column][et_pb_column type=&#8221;1_3&#8243; _builder_version=&#8221;4.22.2&#8243; _module_preset=&#8221;default&#8221; background_color=&#8221;#132C33&#8243; custom_padding=&#8221;20px|20px|20px|20px|true|true&#8221; box_shadow_style=&#8221;preset3&#8243; box_shadow_vertical=&#8221;0px&#8221; box_shadow_blur=&#8221;0px&#8221; box_shadow_spread=&#8221;0px&#8221; box_shadow_color=&#8221;RGBA(255,255,255,0)&#8221; global_colors_info=&#8221;{}&#8221; background_color__hover=&#8221;#544fff&#8221; background__hover_enabled=&#8221;off|desktop&#8221; box_shadow_vertical__hover=&#8221;40px&#8221; box_shadow_vertical__hover_enabled=&#8221;on|desktop&#8221; box_shadow_blur__hover=&#8221;60px&#8221; box_shadow_blur__hover_enabled=&#8221;on|desktop&#8221; box_shadow_spread__hover=&#8221;-20px&#8221; box_shadow_spread__hover_enabled=&#8221;on|desktop&#8221; box_shadow_color__hover=&#8221;rgba(96,91,255,0.42)&#8221; box_shadow_color__hover_enabled=&#8221;on|desktop&#8221; background_enable_color__hover=&#8221;on&#8221;][et_pb_image src=&#8221;https:\/\/abdieldeveloper.com\/wp-content\/uploads\/2023\/11\/saas-icon_14.png&#8221; alt=&#8221;Desarrollo programacion dise\u00f1o web queretaro  Carlos Abdiel Resendiz Vargas&#8221; title_text=&#8221;saas-icon_14&#8243; _builder_version=&#8221;4.22.2&#8243; _module_preset=&#8221;default&#8221; global_colors_info=&#8221;{}&#8221;][\/et_pb_image][et_pb_text _builder_version=&#8221;4.22.2&#8243; _module_preset=&#8221;03ed4834-a81a-41ec-bfd6-98a6a9949751&#8243; header_font=&#8221;||||||||&#8221; header_3_font=&#8221;Archivo|700|||||||&#8221; header_3_text_color=&#8221;#FFFFFF&#8221; header_3_font_size=&#8221;30px&#8221; header_3_line_height=&#8221;1.4em&#8221; custom_margin=&#8221;||8px||false|false&#8221; header_3_font_size_tablet=&#8221;20px&#8221; header_3_font_size_phone=&#8221;16px&#8221; header_3_font_size_last_edited=&#8221;on|phone&#8221; global_colors_info=&#8221;{}&#8221;]<\/p>\n<h3>Optimizaci\u00f3n y mantenimiento continuo<\/h3>\n<p>[\/et_pb_text][et_pb_text _builder_version=&#8221;4.22.2&#8243; _module_preset=&#8221;0bd9fec6-ac32-486c-934f-18d282fbdfb4&#8243; text_font=&#8221;Archivo||||||||&#8221; text_text_color=&#8221;#FFFFFF&#8221; text_font_size=&#8221;15px&#8221; text_line_height=&#8221;1.5em&#8221; header_font_size_tablet=&#8221;55px&#8221; header_font_size_last_edited=&#8221;off|desktop&#8221; global_colors_info=&#8221;{}&#8221; text_text_color__hover_enabled=&#8221;on|desktop&#8221; text_text_color__hover=&#8221;#FFFFFF&#8221;]<\/p>\n<p style=\"text-align: justify;\"><span>Mi compromiso no termina con el lanzamiento de la aplicaci\u00f3n. Me aseguro de que tu aplicaci\u00f3n est\u00e9 siempre actualizada y funcionando de manera \u00f3ptima. Implemento un enfoque proactivo en el mantenimiento, realizando mejoras continuas, actualizaciones de seguridad y optimizaciones para garantizar que la aplicaci\u00f3n est\u00e9 al d\u00eda y funcionando sin problemas, brindando as\u00ed una experiencia constante y confiable a tus usuarios.<\/span><\/p>\n<p>[\/et_pb_text][\/et_pb_column][\/et_pb_row][\/et_pb_section][et_pb_section fb_built=&#8221;1&#8243; admin_label=&#8221;Footer&#8221; _builder_version=&#8221;4.22.2&#8243; _module_preset=&#8221;default&#8221; background_color=&#8221;#000000&#8243; min_height=&#8221;325px&#8221; custom_margin=&#8221;228px||-69px|||&#8221; custom_padding=&#8221;37px||0px|||&#8221; box_shadow_style=&#8221;preset7&#8243; box_shadow_horizontal=&#8221;0px&#8221; box_shadow_vertical=&#8221;160px&#8221; box_shadow_color=&#8221;#F6F2EA&#8221; saved_tabs=&#8221;all&#8221; locked=&#8221;off&#8221; global_colors_info=&#8221;{}&#8221;][et_pb_row column_structure=&#8221;3_4,1_4&#8243; custom_padding_last_edited=&#8221;on|phone&#8221; _builder_version=&#8221;4.22.2&#8243; _module_preset=&#8221;default&#8221; background_color=&#8221;#126E82&#8243; min_height=&#8221;496.7px&#8221; custom_margin=&#8221;|auto|69px|auto|false|false&#8221; custom_margin_tablet=&#8221;-150px||||false|false&#8221; custom_margin_phone=&#8221;-120px||||false|false&#8221; custom_margin_last_edited=&#8221;off|desktop&#8221; custom_padding=&#8221;39px|60px|39px|60px|true|true&#8221; custom_padding_tablet=&#8221;30px|30px|30px|30px|true|true&#8221; custom_padding_phone=&#8221;|20px||20px|true|true&#8221; hover_enabled=&#8221;0&#8243; border_radii=&#8221;on|10px|10px|10px|10px&#8221; border_width_all=&#8221;4px&#8221; border_color_all=&#8221;#000000&#8243; box_shadow_style=&#8221;preset4&#8243; box_shadow_horizontal=&#8221;6px&#8221; box_shadow_vertical=&#8221;6px&#8221; box_shadow_color=&#8221;#000000&#8243; global_colors_info=&#8221;{}&#8221; sticky_enabled=&#8221;0&#8243;][et_pb_column type=&#8221;3_4&#8243; _builder_version=&#8221;4.16&#8243; _module_preset=&#8221;default&#8221; global_colors_info=&#8221;{}&#8221;][et_pb_text _builder_version=&#8221;4.22.2&#8243; _module_preset=&#8221;df96b77a-cd4f-44a8-a771-2d6347592b53&#8243; header_2_font=&#8221;Archivo|600|||||||&#8221; header_2_text_color=&#8221;#FFFFFF&#8221; header_2_font_size=&#8221;50px&#8221; header_2_line_height=&#8221;1.35em&#8221; header_3_text_color=&#8221;#FFFFFF&#8221; custom_margin=&#8221;||8px||false|false&#8221; header_2_font_size_tablet=&#8221;32px&#8221; header_2_font_size_phone=&#8221;20px&#8221; header_2_font_size_last_edited=&#8221;on|desktop&#8221; global_colors_info=&#8221;{}&#8221;]<\/p>\n<h2><strong>\u00a1Comienza a construir tu aplicaci\u00f3n perfecta hoy mismo!<\/strong><\/h2>\n<p>[\/et_pb_text][et_pb_text _builder_version=&#8221;4.16&#8243; _module_preset=&#8221;41d5859c-fbaa-458a-88e4-5d886857f235&#8243; text_font=&#8221;Archivo|500|||||||&#8221; text_text_color=&#8221;#FFFFFF&#8221; text_font_size=&#8221;18px&#8221; text_line_height=&#8221;1.6em&#8221; text_font_size_tablet=&#8221;16px&#8221; text_font_size_phone=&#8221;14px&#8221; text_font_size_last_edited=&#8221;on|phone&#8221; global_colors_info=&#8221;{}&#8221;]<\/p>\n<p>Tu visi\u00f3n merece convertirse en una realidad digital. Como desarrollador especializado en aplicaciones web y m\u00f3viles, estoy aqu\u00ed para hacer que eso suceda. Desde la fase conceptual hasta el lanzamiento final, trabajar\u00e9 contigo para dise\u00f1ar una aplicaci\u00f3n que no solo cumpla, sino que supere tus expectativas.<\/p>\n<p>Perm\u00edteme ser tu socio en este viaje. Juntos, podemos transformar tus ideas en una aplicaci\u00f3n potente y exitosa que lleve tu negocio al siguiente nivel. \u00a1No esperes m\u00e1s para dar vida a tu visi\u00f3n digital!<\/p>\n<p>[\/et_pb_text][\/et_pb_column][et_pb_column type=&#8221;1_4&#8243; _builder_version=&#8221;4.16&#8243; _module_preset=&#8221;default&#8221; global_colors_info=&#8221;{}&#8221;][et_pb_button button_url=&#8221;https:\/\/abdieldeveloper.com\/index.php\/contacto\/&#8221; button_text=&#8221;Contacto&#8221; button_alignment=&#8221;right&#8221; _builder_version=&#8221;4.22.2&#8243; _module_preset=&#8221;94ef7aca-dcd9-4f9d-93b2-efa3466cebc7&#8243; custom_button=&#8221;on&#8221; button_text_size=&#8221;16px&#8221; button_text_color=&#8221;#000000&#8243; button_bg_color=&#8221;#FFFFFF&#8221; button_border_width=&#8221;4px&#8221; button_border_color=&#8221;#000000&#8243; button_border_radius=&#8221;10px&#8221; button_font=&#8221;Archivo|800||on|||||&#8221; custom_padding=&#8221;15px|35px|15px|35px|true|true&#8221; box_shadow_style=&#8221;preset4&#8243; box_shadow_horizontal=&#8221;6px&#8221; box_shadow_vertical=&#8221;6px&#8221; box_shadow_color=&#8221;#000000&#8243; global_colors_info=&#8221;{}&#8221;][\/et_pb_button][\/et_pb_column][\/et_pb_row][\/et_pb_section]<\/p>\n","protected":false},"excerpt":{"rendered":"<p>Desarrollo Web para Negocios\u00a1Bienvenido al mundo digital! En la era actual, el crecimiento de un negocio va de la mano con su presencia en l\u00ednea. En un mercado competitivo y en constante evoluci\u00f3n, contar con una s\u00f3lida presencia web es fundamental para alcanzar el \u00e9xito. Como Abdiel Developer, entiendo la importancia de transformar la identidad [&hellip;]<\/p>\n","protected":false},"author":1,"featured_media":0,"parent":0,"menu_order":0,"comment_status":"closed","ping_status":"closed","template":"","meta":{"_et_pb_use_builder":"on","_et_pb_old_content":"","_et_gb_content_width":"","footnotes":""},"class_list":["post-8","page","type-page","status-publish","hentry"],"_links":{"self":[{"href":"https:\/\/abdieldeveloper.com\/index.php\/wp-json\/wp\/v2\/pages\/8","targetHints":{"allow":["GET"]}}],"collection":[{"href":"https:\/\/abdieldeveloper.com\/index.php\/wp-json\/wp\/v2\/pages"}],"about":[{"href":"https:\/\/abdieldeveloper.com\/index.php\/wp-json\/wp\/v2\/types\/page"}],"author":[{"embeddable":true,"href":"https:\/\/abdieldeveloper.com\/index.php\/wp-json\/wp\/v2\/users\/1"}],"replies":[{"embeddable":true,"href":"https:\/\/abdieldeveloper.com\/index.php\/wp-json\/wp\/v2\/comments?post=8"}],"version-history":[{"count":19,"href":"https:\/\/abdieldeveloper.com\/index.php\/wp-json\/wp\/v2\/pages\/8\/revisions"}],"predecessor-version":[{"id":232,"href":"https:\/\/abdieldeveloper.com\/index.php\/wp-json\/wp\/v2\/pages\/8\/revisions\/232"}],"wp:attachment":[{"href":"https:\/\/abdieldeveloper.com\/index.php\/wp-json\/wp\/v2\/media?parent=8"}],"curies":[{"name":"wp","href":"https:\/\/api.w.org\/{rel}","templated":true}]}}